{"id":9,"date":"2019-09-20T10:35:14","date_gmt":"2019-09-20T08:35:14","guid":{"rendered":"http:\/\/s-k-sport.de\/w1\/?page_id=9"},"modified":"2021-02-02T18:52:05","modified_gmt":"2021-02-02T17:52:05","slug":"startseite","status":"publish","type":"page","link":"https:\/\/s-k-sport.de\/w1\/","title":{"rendered":"Startseite"},"content":{"rendered":"<p>Herzliches Willkommen in meiner Schwimmhalle &#8222;SK sport&#8220;<\/p>\n<p>Sch\u00f6n dass Sie\/Ihr Interesse zeigt.<\/p>\n<p>Derzeit befinde ich mich noch im Aufbau, daher f\u00fcllt sich&nbsp; das Schwimmbecken langsam.<\/p>\n<p>Aber gerne k\u00f6nnt Ihr einmal reinschauen; ich bin dankbar f\u00fcr Ideen\/Anregungen an.<\/p>\n","protected":false},"excerpt":{"rendered":"<p>Herzliches Willkommen in meiner Schwimmhalle &#8222;SK sport&#8220; Sch\u00f6n dass Sie\/Ihr Interesse zeigt. Derzeit befinde ich mich noch im Aufbau, daher f\u00fcllt sich&nbsp; das Schwimmbecken langsam. Aber gerne k\u00f6nnt Ihr einmal reinschauen; ich bin dankbar f\u00fcr Ideen\/Anregungen an.<\/p>\n","protected":false},"author":1,"featured_media":38,"parent":0,"menu_order":0,"comment_status":"closed","ping_status":"closed","template":"","meta":[],"_links":{"self":[{"href":"https:\/\/s-k-sport.de\/w1\/wp-json\/wp\/v2\/pages\/9"}],"collection":[{"href":"https:\/\/s-k-sport.de\/w1\/wp-json\/wp\/v2\/pages"}],"about":[{"href":"https:\/\/s-k-sport.de\/w1\/wp-json\/wp\/v2\/types\/page"}],"author":[{"embeddable":true,"href":"https:\/\/s-k-sport.de\/w1\/wp-json\/wp\/v2\/users\/1"}],"replies":[{"embeddable":true,"href":"https:\/\/s-k-sport.de\/w1\/wp-json\/wp\/v2\/comments?post=9"}],"version-history":[{"count":6,"href":"https:\/\/s-k-sport.de\/w1\/wp-json\/wp\/v2\/pages\/9\/revisions"}],"predecessor-version":[{"id":132,"href":"https:\/\/s-k-sport.de\/w1\/wp-json\/wp\/v2\/pages\/9\/revisions\/132"}],"wp:featuredmedia":[{"embeddable":true,"href":"https:\/\/s-k-sport.de\/w1\/wp-json\/wp\/v2\/media\/38"}],"wp:attachment":[{"href":"https:\/\/s-k-sport.de\/w1\/wp-json\/wp\/v2\/media?parent=9"}],"curies":[{"name":"wp","href":"https:\/\/api.w.org\/{rel}","templated":true}]}}