{"id":70,"date":"2020-03-14T19:16:58","date_gmt":"2020-03-14T18:16:58","guid":{"rendered":"http:\/\/s-k-sport.de\/w1\/?page_id=70"},"modified":"2021-01-02T19:21:15","modified_gmt":"2021-01-02T18:21:15","slug":"fundsachen","status":"publish","type":"page","link":"https:\/\/s-k-sport.de\/w1\/fundsachen\/","title":{"rendered":"Fundsachen"},"content":{"rendered":"\n<p>Hallo zusammen,<\/p>\n\n\n\n<p>Auf dieser Seite habe ich gebrauchte Ware, die aber im guten Zustand sind.<\/p>\n\n\n\n<p>Ich finde es sehr Schade, wenn man so teure Schwimmartikel in den M\u00fcll wirft.<\/p>\n\n\n\n<p>Daher, wer seine &#8222;zu klein gewordenen&#8220; Hosen, Anz\u00fcge weiter geben m\u00f6chte, dem biete ich gerne meine Hilfe an. Wenn Ihr mir die Sachen \u00fcbergeben k\u00f6nnt, oder mir Bilder und Informationen sendet, kann ich diese hier ver\u00f6ffentlichen.<\/p>\n\n\n\n<figure class=\"wp-block-image size-large is-resized\"><img loading=\"lazy\" src=\"https:\/\/s-k-sport.de\/w1\/wp-content\/uploads\/2020\/03\/20191221_121014-768x1024.jpg\" alt=\"\" class=\"wp-image-76\" width=\"209\" height=\"278\" srcset=\"https:\/\/s-k-sport.de\/w1\/wp-content\/uploads\/2020\/03\/20191221_121014-768x1024.jpg 768w, https:\/\/s-k-sport.de\/w1\/wp-content\/uploads\/2020\/03\/20191221_121014-225x300.jpg 225w, https:\/\/s-k-sport.de\/w1\/wp-content\/uploads\/2020\/03\/20191221_121014-1152x1536.jpg 1152w, https:\/\/s-k-sport.de\/w1\/wp-content\/uploads\/2020\/03\/20191221_121014-1536x2048.jpg 1536w, https:\/\/s-k-sport.de\/w1\/wp-content\/uploads\/2020\/03\/20191221_121014-scaled.jpg 1920w\" sizes=\"(max-width: 209px) 100vw, 209px\" \/><figcaption>Neuware Schwimmbrille   VK 13,-\u20ac<br><\/figcaption><\/figure>\n\n\n\n<figure class=\"wp-block-image size-large is-resized\"><img loading=\"lazy\" src=\"https:\/\/s-k-sport.de\/w1\/wp-content\/uploads\/2020\/03\/IMG-20191013-WA0010-768x1024.jpg\" alt=\"\" class=\"wp-image-77\" width=\"207\" height=\"275\" srcset=\"https:\/\/s-k-sport.de\/w1\/wp-content\/uploads\/2020\/03\/IMG-20191013-WA0010-768x1024.jpg 768w, https:\/\/s-k-sport.de\/w1\/wp-content\/uploads\/2020\/03\/IMG-20191013-WA0010-225x300.jpg 225w, https:\/\/s-k-sport.de\/w1\/wp-content\/uploads\/2020\/03\/IMG-20191013-WA0010-1152x1536.jpg 1152w, https:\/\/s-k-sport.de\/w1\/wp-content\/uploads\/2020\/03\/IMG-20191013-WA0010.jpg 1200w\" sizes=\"(max-width: 207px) 100vw, 207px\" \/><figcaption>gebrauchter Schwimmanzug Zaosu  Gr\u00f6\u00dfe 116        VK 18,-\u20ac<br><\/figcaption><\/figure>\n\n\n\n<figure class=\"wp-block-image size-large is-resized\"><img loading=\"lazy\" src=\"https:\/\/s-k-sport.de\/w1\/wp-content\/uploads\/2021\/01\/Turbo-Lila-Gr\u00f6\u00dfe-152-2-768x1024.jpg\" alt=\"\" class=\"wp-image-85\" width=\"197\" height=\"262\" srcset=\"https:\/\/s-k-sport.de\/w1\/wp-content\/uploads\/2021\/01\/Turbo-Lila-Gr\u00f6\u00dfe-152-2-768x1024.jpg 768w, https:\/\/s-k-sport.de\/w1\/wp-content\/uploads\/2021\/01\/Turbo-Lila-Gr\u00f6\u00dfe-152-2-225x300.jpg 225w, https:\/\/s-k-sport.de\/w1\/wp-content\/uploads\/2021\/01\/Turbo-Lila-Gr\u00f6\u00dfe-152-2-1152x1536.jpg 1152w, https:\/\/s-k-sport.de\/w1\/wp-content\/uploads\/2021\/01\/Turbo-Lila-Gr\u00f6\u00dfe-152-2-1536x2048.jpg 1536w, https:\/\/s-k-sport.de\/w1\/wp-content\/uploads\/2021\/01\/Turbo-Lila-Gr\u00f6\u00dfe-152-2-scaled.jpg 1920w\" sizes=\"(max-width: 197px) 100vw, 197px\" \/><\/figure>\n\n\n\n<figure class=\"wp-block-image size-large is-resized\"><img loading=\"lazy\" src=\"https:\/\/s-k-sport.de\/w1\/wp-content\/uploads\/2021\/01\/Turbo-Lila-Gr\u00f6\u00dfe-152-1-768x1024.jpg\" alt=\"\" class=\"wp-image-86\" width=\"198\" height=\"263\" srcset=\"https:\/\/s-k-sport.de\/w1\/wp-content\/uploads\/2021\/01\/Turbo-Lila-Gr\u00f6\u00dfe-152-1-768x1024.jpg 768w, https:\/\/s-k-sport.de\/w1\/wp-content\/uploads\/2021\/01\/Turbo-Lila-Gr\u00f6\u00dfe-152-1-225x300.jpg 225w, https:\/\/s-k-sport.de\/w1\/wp-content\/uploads\/2021\/01\/Turbo-Lila-Gr\u00f6\u00dfe-152-1-1152x1536.jpg 1152w, https:\/\/s-k-sport.de\/w1\/wp-content\/uploads\/2021\/01\/Turbo-Lila-Gr\u00f6\u00dfe-152-1-1536x2048.jpg 1536w, https:\/\/s-k-sport.de\/w1\/wp-content\/uploads\/2021\/01\/Turbo-Lila-Gr\u00f6\u00dfe-152-1-scaled.jpg 1920w\" sizes=\"(max-width: 198px) 100vw, 198px\" \/><figcaption>Schwimmanzug Marke Turbo Gr\u00f6\u00dfe 152  gebraucht       K 10,-\u20ac<\/figcaption><\/figure>\n\n\n\n<p><\/p>\n","protected":false},"excerpt":{"rendered":"<p>Hallo zusammen, Auf dieser Seite habe ich gebrauchte Ware, die aber im guten Zustand sind. Ich finde es sehr Schade, wenn man so teure Schwimmartikel in den M\u00fcll wirft. Daher, wer seine &#8222;zu klein gewordenen&#8220; Hosen, Anz\u00fcge weiter geben m\u00f6chte, dem biete ich gerne meine Hilfe an. Wenn Ihr mir die Sachen \u00fcbergeben k\u00f6nnt, oder &hellip; <\/p>\n<p class=\"link-more\"><a href=\"https:\/\/s-k-sport.de\/w1\/fundsachen\/\" class=\"more-link\"><span class=\"screen-reader-text\">\u201eFundsachen\u201c<\/span> weiterlesen<\/a><\/p>\n","protected":false},"author":2,"featured_media":0,"parent":0,"menu_order":0,"comment_status":"closed","ping_status":"closed","template":"","meta":[],"_links":{"self":[{"href":"https:\/\/s-k-sport.de\/w1\/wp-json\/wp\/v2\/pages\/70"}],"collection":[{"href":"https:\/\/s-k-sport.de\/w1\/wp-json\/wp\/v2\/pages"}],"about":[{"href":"https:\/\/s-k-sport.de\/w1\/wp-json\/wp\/v2\/types\/page"}],"author":[{"embeddable":true,"href":"https:\/\/s-k-sport.de\/w1\/wp-json\/wp\/v2\/users\/2"}],"replies":[{"embeddable":true,"href":"https:\/\/s-k-sport.de\/w1\/wp-json\/wp\/v2\/comments?post=70"}],"version-history":[{"count":7,"href":"https:\/\/s-k-sport.de\/w1\/wp-json\/wp\/v2\/pages\/70\/revisions"}],"predecessor-version":[{"id":88,"href":"https:\/\/s-k-sport.de\/w1\/wp-json\/wp\/v2\/pages\/70\/revisions\/88"}],"wp:attachment":[{"href":"https:\/\/s-k-sport.de\/w1\/wp-json\/wp\/v2\/media?parent=70"}],"curies":[{"name":"wp","href":"https:\/\/api.w.org\/{rel}","templated":true}]}}